{"id":1318,"date":"2013-05-24T08:08:13","date_gmt":"2013-05-24T08:08:13","guid":{"rendered":"http:\/\/www.eurekamallorca.com\/quienes-somos\/"},"modified":"2020-09-02T16:43:16","modified_gmt":"2020-09-02T16:43:16","slug":"qui-som","status":"publish","type":"page","link":"https:\/\/www.eurekamallorca.com\/ca\/qui-som\/","title":{"rendered":"Qui Som"},"content":{"rendered":"[vc_row full_width=&#8221;stretch_row_content_no_spaces&#8221;][vc_column][\/vc_column][\/vc_row][vc_row css=&#8221;.vc_custom_1530527857800{margin-top: 25px !important;margin-bottom: 25px !important;}&#8221;][vc_column][vc_column_text]<span style=\"font-size: 24px; color: #808080; margin-top: 25px;\">Qui<\/span> <span style=\"font-size: 24px; color: #00acec; text-transform: uppercase;\">som<\/span>\n\nEn primer lloc, ens agradaria presentar-nos. Som n\u2019Antonia Hurtado i en Miquel Pascual, socis fundador de Eureka\n\nAbans de crear Eureka feiem feina a una entitat banc\u00e0ria al Port d\u2019Andratx, com a directora i economista respectivament. Tots aquests anys, els nostres clients, propietaris de vivendes a Mallorca, ens feren saber les seves inquietuts i la mancan\u00e7a, fins i tot, d\u2019un servei de manteniment de les seves propietats inmobili\u00e0ries, seri\u00f3s i professional, que fos capa\u00e7 de satisfer-los i permetre-l\u2019s disfrutar plenament de les seves vacances. Aquest \u00e9s la ra\u00f3 que ens va dur a crear Eureka l\u2019any 2013\n\nA fi de poder atendre millor als nostres clients, hem seleccionat i contractat els nostres propis empleats, caracteritzats per la seva professionalitat i experi\u00e8ncia, i que tenen la nostra total confian\u00e7a\n\nAquesta plantilla compr\u00e9n:\n\n<ul class=\"arrow2\" >\n\n<li>Un t\u00e8cnic especialitzat en tractament d\u2019aig\u00fces, amb ampla experi\u00e8ncia<\/li>\n\n<li>Jardiners professionals posse\u00efdors de carnet fitosanitari<\/li>\n\n<li>Treballadors de la construcci\u00f3 amb ampla experi\u00e8ncia en el sector, i especialitzats en construcci\u00f3 de piscines i reformes de cases<\/li>\n\n<li>Personal professional per al manteniment de piscines, posse\u00efdors de carnet de manipulaci\u00f3 de productes qu\u00edmics, i tractament de piscines salines<\/li>\n\n<li>Personal de neteja de total confian\u00e7a<\/li>\n\n<li>Un equip administratiu que els aten, i gestiona les seves necessitats d\u2019una manera r\u00e0pida i efica\u00e7 , en catal\u00e0, castell\u00e0, alemany i angl\u00e8s<\/li>\n\n<\/ul>\n\nOferim als nostres clients un tracte exclusiu i personalitzat ajustat a les necessitats concretes de cada un de ells.\n\n<strong>Antonia Hurtado &amp; Miquel Pascual<\/strong>[\/vc_column_text][\/vc_column][\/vc_row]","protected":false},"excerpt":{"rendered":"<p>[vc_row full_width=&#8221;stretch_row_content_no_spaces&#8221;][vc_column][\/vc_column][\/vc_row][vc_row css=&#8221;.vc_custom_1530527857800{margin-top: 25px !important;margin-bottom: 25px !important;}&#8221;][vc_column][vc_column_text]Qui som En primer lloc, ens agradaria presentar-nos. Som n\u2019Antonia Hurtado i en Miquel Pascual, socis fundador de Eureka Abans de crear Eureka feiem feina a una entitat banc\u00e0ria al Port d\u2019Andratx, com a directora i economista respectivament. Tots aquests anys, els nostres clients, propietaris de vivendes a Mallorca, ens feren saber les seves inquietuts i la mancan\u00e7a, fins&#8230; <\/p>\n<p><a class=\"readmore\" href=\"https:\/\/www.eurekamallorca.com\/ca\/qui-som\/\">Readm More<\/a><\/p>\n","protected":false},"author":1,"featured_media":0,"parent":0,"menu_order":0,"comment_status":"open","ping_status":"closed","template":"","meta":[],"_links":{"self":[{"href":"https:\/\/www.eurekamallorca.com\/ca\/wp-json\/wp\/v2\/pages\/1318"}],"collection":[{"href":"https:\/\/www.eurekamallorca.com\/ca\/wp-json\/wp\/v2\/pages"}],"about":[{"href":"https:\/\/www.eurekamallorca.com\/ca\/wp-json\/wp\/v2\/types\/page"}],"author":[{"embeddable":true,"href":"https:\/\/www.eurekamallorca.com\/ca\/wp-json\/wp\/v2\/users\/1"}],"replies":[{"embeddable":true,"href":"https:\/\/www.eurekamallorca.com\/ca\/wp-json\/wp\/v2\/comments?post=1318"}],"version-history":[{"count":6,"href":"https:\/\/www.eurekamallorca.com\/ca\/wp-json\/wp\/v2\/pages\/1318\/revisions"}],"predecessor-version":[{"id":1885,"href":"https:\/\/www.eurekamallorca.com\/ca\/wp-json\/wp\/v2\/pages\/1318\/revisions\/1885"}],"wp:attachment":[{"href":"https:\/\/www.eurekamallorca.com\/ca\/wp-json\/wp\/v2\/media?parent=1318"}],"curies":[{"name":"wp","href":"https:\/\/api.w.org\/{rel}","templated":true}]}}