{"id":1822,"date":"2018-05-03T11:13:25","date_gmt":"2018-05-03T11:13:25","guid":{"rendered":"http:\/\/www.eurekamallorca.com\/home\/"},"modified":"2020-09-02T16:40:58","modified_gmt":"2020-09-02T16:40:58","slug":"home","status":"publish","type":"page","link":"https:\/\/www.eurekamallorca.com\/ca\/","title":{"rendered":"Home"},"content":{"rendered":"[vc_row full_width=&#8221;stretch_row_content_no_spaces&#8221;][vc_column][\/vc_column][\/vc_row][vc_row][vc_column][vc_column_text]\n<div class=\"columns\">\n<h3 class=\"magic\" style=\"text-align: center;\">Benvinguts a Eureka Professional Home Management<\/h3>\n<p style=\"background: white none repeat scroll 0% 0%; vertical-align: baseline; margin: 0cm 0cm 15.75pt; text-align: center;\"><span style=\"font-size: 11.0pt; font-family: 'Arial',sans-serif;\">Sabem l\u2019important que \u00e9s per a vost\u00e8 la seva llar, la inversi\u00f3 econ\u00f2mica que ha hagut de fer,i l\u2019import\u00e0ncia que hi d\u00f2na al seu manteniment. Per tot aix\u00f2, d\u2019una manera seriosa i professional els hi oferim el manteniment de l\u2019interior de la seva casa i tamb\u00e9 de la piscina i el jard\u00ed.<\/span><\/p>\n\n<\/div>\n[\/vc_column_text][\/vc_column][\/vc_row][vc_row][vc_column][\/vc_column][\/vc_row][vc_row gap=&#8221;30&#8243;][vc_column width=&#8221;1\/3&#8243; el_id=&#8221;jardin&#8221;][vc_single_image image=&#8221;1708&#8243; img_size=&#8221;full&#8221;][vc_toggle title=&#8221;JARD\u00cd&#8221; custom_font_container=&#8221;tag:h2|font_size:24|text_align:left|color:%2300acec&#8221; custom_google_fonts=&#8221;font_family:Open%20Sans%3A300%2C300italic%2Cregular%2Citalic%2C600%2C600italic%2C700%2C700italic%2C800%2C800italic|font_style:300%20light%20regular%3A300%3Anormal&#8221; use_custom_heading=&#8221;true&#8221;]\n<ul>\n \t<li>\u00bb Manteniment de jardins<\/li>\n \t<li>\u00bb Construcci\u00f3 de jardins<\/li>\n \t<li>\u00bb Instal.laci\u00f3 i control de sistemes de reg<\/li>\n \t<li>\u00bb Projecte de jardins, presentats en dossiers en 3D<\/li>\n<\/ul>\n[\/vc_toggle][\/vc_column][vc_column width=&#8221;1\/3&#8243; el_id=&#8221;piscina&#8221;][vc_single_image image=&#8221;1695&#8243; img_size=&#8221;full&#8221;][vc_toggle title=&#8221;PISCINA&#8221; custom_font_container=&#8221;tag:h2|font_size:24|text_align:left|color:%2300acec&#8221; custom_google_fonts=&#8221;font_family:Open%20Sans%3A300%2C300italic%2Cregular%2Citalic%2C600%2C600italic%2C700%2C700italic%2C800%2C800italic|font_style:300%20light%20regular%3A300%3Anormal&#8221; use_custom_heading=&#8221;true&#8221;]\n<ul>\n \t<li>\u00bb Neteja i manteniment de tot tipus de piscines, tant si s\u00f3n de clor com d\u2019 electr\u00f2lisi salina<\/li>\n \t<li>\u00bb Construcci\u00f3 de piscines<\/li>\n \t<li>\u00bb Reparacions i reformes<\/li>\n \t<li>\u00bb Instal.laci\u00f3 d\u2019electr\u00f2lisi salina i posada en marxa<\/li>\n \t<li>\u00bb Proves d\u2019estanquitat<\/li>\n \t<li>\u00bb An\u00e0lisis fotom\u00e8trics<\/li>\n<\/ul>\n[\/vc_toggle][\/vc_column][vc_column width=&#8221;1\/3&#8243; el_id=&#8221;reparaciones&#8221;][vc_single_image image=&#8221;1703&#8243; img_size=&#8221;full&#8221;][vc_toggle title=&#8221;REPARACIONS\/REFORMES&#8221; custom_font_container=&#8221;tag:h2|font_size:24|text_align:left|color:%2300acec&#8221; custom_google_fonts=&#8221;font_family:Open%20Sans%3A300%2C300italic%2Cregular%2Citalic%2C600%2C600italic%2C700%2C700italic%2C800%2C800italic|font_style:300%20light%20regular%3A300%3Anormal&#8221; use_custom_heading=&#8221;true&#8221;]\n<ul>\n \t<li>\u00bb Diverses reformes a la seva vivenda<\/li>\n \t<li>\u00bb Impermeabilitzacions<\/li>\n \t<li>\u00bb Construcci\u00f3 i reforma de piscines<\/li>\n \t<li>\u00bb Rehabilitaci\u00f3 de fa\u00e7anes<\/li>\n \t<li>\u00bb Construcci\u00f3 de marjades<\/li>\n \t<li>\u00bb Tot tipus de reformes en general<\/li>\n \t<li>\u00bb Els nostres colaboradors: electricistes, montadors d\u2019aire condicionat i calefacci\u00f3, pintors, fusters, many\u00e0s, etc.<\/li>\n<\/ul>\n[\/vc_toggle][\/vc_column][\/vc_row][vc_row gap=&#8221;30&#8243;][vc_column width=&#8221;1\/6&#8243;][\/vc_column][vc_column width=&#8221;2\/6&#8243; el_id=&#8221;aguas&#8221;][vc_single_image image=&#8221;1704&#8243; img_size=&#8221;full&#8221;][vc_toggle title=&#8221;TRACTAMENT D\u2019AIG\u00dcES&#8221; custom_font_container=&#8221;tag:h2|font_size:24|text_align:left|color:%2300acec&#8221; custom_google_fonts=&#8221;font_family:Open%20Sans%3A300%2C300italic%2Cregular%2Citalic%2C600%2C600italic%2C700%2C700italic%2C800%2C800italic|font_style:300%20light%20regular%3A300%3Anormal&#8221; use_custom_heading=&#8221;true&#8221;]\n<ul>\n \t<li>\u00bb Osmosi<\/li>\n \t<li>\u00bb UV<\/li>\n \t<li>\u00bb Descalcificador<\/li>\n \t<li>\u00bb Comprobaci\u00f3 de la q\u00fcalitat de l\u2019aigua<\/li>\n \t<li>\u00bb Recirculaci\u00f3 per a aljubs<\/li>\n \t<li>\u00bb Feines de lampista<\/li>\n<\/ul>\n[\/vc_toggle][\/vc_column][vc_column width=&#8221;2\/6&#8243; el_id=&#8221;hogar&#8221;][vc_single_image image=&#8221;1716&#8243; img_size=&#8221;full&#8221;][vc_toggle title=&#8221;LLAR&#8221; custom_font_container=&#8221;tag:h2|font_size:24|text_align:left|color:%2300acec&#8221; custom_google_fonts=&#8221;font_family:Open%20Sans%3A300%2C300italic%2Cregular%2Citalic%2C600%2C600italic%2C700%2C700italic%2C800%2C800italic|font_style:300%20light%20regular%3A300%3Anormal&#8221; use_custom_heading=&#8221;true&#8221;]\n<ul>\n \t<li>\u00bb Controls peri\u00f2dics : airejar habitacions, revisar humitats, regar plantes, posada en marxa de sistemes de calefacci\u00f3 i\/o climatitzaci\u00f3, obrir aixetes, buidar b\u00fasties, etc.<\/li>\n \t<li>\u00bb Revisam la seva vivenda, despr\u00e9s de tempestes i\/o grans ventades<\/li>\n \t<li>\u00bb Neteja* : neteja de ca seva abans de la seva arribada, durant la seva estada i a la seva sortida. Neteja de roba a la mateixa casa, i servei de bugaderia<\/li>\n<\/ul>\n<em>*El servei de neteja s\u2019oferir\u00e0 \u00fanicament i exclusivament als nostres clients amb tots els altres serveis<\/em>[\/vc_toggle][\/vc_column][vc_column width=&#8221;1\/6&#8243;][\/vc_column][\/vc_row][vc_row][vc_column][vc_separator color=&#8221;white&#8221; css=&#8221;.vc_custom_1525329572748{margin-top: 40px !important;}&#8221;][\/vc_column][\/vc_row]","protected":false},"excerpt":{"rendered":"<p>[vc_row full_width=&#8221;stretch_row_content_no_spaces&#8221;][vc_column][\/vc_column][\/vc_row][vc_row][vc_column][vc_column_text] Benvinguts a Eureka Professional Home Management Sabem l\u2019important que \u00e9s per a vost\u00e8 la seva llar, la inversi\u00f3 econ\u00f2mica que ha hagut de fer,i l\u2019import\u00e0ncia que hi d\u00f2na al seu manteniment. Per tot aix\u00f2, d\u2019una manera seriosa i professional els hi oferim el manteniment de l\u2019interior de la seva casa i tamb\u00e9 de la piscina i el jard\u00ed. [\/vc_column_text][\/vc_column][\/vc_row][vc_row][vc_column][\/vc_column][\/vc_row][vc_row gap=&#8221;30&#8243;][vc_column width=&#8221;1\/3&#8243; el_id=&#8221;jardin&#8221;][vc_single_image image=&#8221;1708&#8243;&#8230; <\/p>\n<p><a class=\"readmore\" href=\"https:\/\/www.eurekamallorca.com\/ca\/\">Readm More<\/a><\/p>\n","protected":false},"author":1,"featured_media":0,"parent":0,"menu_order":0,"comment_status":"open","ping_status":"closed","template":"homeb.php","meta":[],"_links":{"self":[{"href":"https:\/\/www.eurekamallorca.com\/ca\/wp-json\/wp\/v2\/pages\/1822"}],"collection":[{"href":"https:\/\/www.eurekamallorca.com\/ca\/wp-json\/wp\/v2\/pages"}],"about":[{"href":"https:\/\/www.eurekamallorca.com\/ca\/wp-json\/wp\/v2\/types\/page"}],"author":[{"embeddable":true,"href":"https:\/\/www.eurekamallorca.com\/ca\/wp-json\/wp\/v2\/users\/1"}],"replies":[{"embeddable":true,"href":"https:\/\/www.eurekamallorca.com\/ca\/wp-json\/wp\/v2\/comments?post=1822"}],"version-history":[{"count":3,"href":"https:\/\/www.eurekamallorca.com\/ca\/wp-json\/wp\/v2\/pages\/1822\/revisions"}],"predecessor-version":[{"id":1881,"href":"https:\/\/www.eurekamallorca.com\/ca\/wp-json\/wp\/v2\/pages\/1822\/revisions\/1881"}],"wp:attachment":[{"href":"https:\/\/www.eurekamallorca.com\/ca\/wp-json\/wp\/v2\/media?parent=1822"}],"curies":[{"name":"wp","href":"https:\/\/api.w.org\/{rel}","templated":true}]}}