{"id":1320,"date":"2013-05-24T08:08:13","date_gmt":"2013-05-24T08:08:13","guid":{"rendered":"http:\/\/www.eurekamallorca.com\/quienes-somos\/"},"modified":"2020-09-02T16:42:07","modified_gmt":"2020-09-02T16:42:07","slug":"ueber-uns","status":"publish","type":"page","link":"https:\/\/www.eurekamallorca.com\/de\/ueber-uns\/","title":{"rendered":"\u00dcber uns"},"content":{"rendered":"[vc_row full_width=&#8221;stretch_row_content_no_spaces&#8221;][vc_column][\/vc_column][\/vc_row][vc_row css=&#8221;.vc_custom_1530527857800{margin-top: 25px !important;margin-bottom: 25px !important;}&#8221;][vc_column][vc_column_text]<span style=\"font-size: 24px; color: #808080; margin-top: 25px;\">\u00dcBER<\/span> <span style=\"font-size: 24px; color: #00acec; text-transform: uppercase;\">UNS<\/span>\n\nWir m\u00f6chten uns gerne vorstellen: wir sind Antonia Hurtado und Miquel Pascual, die Gr\u00fcndungsgesellschafter von EUREKA Professional Home Management\n\nVor der Gr\u00fcndung von Eureka waren wir als Direktorin und \u00d6konom bei einer Bank in Port d\u2018 Andratx t\u00e4tig. W\u00e4hrend dieser Jahre haben wir von den Problemen und Sorgen unserer Kunden, Eigent\u00fcmern von Inmobiien auf der Insel, sowie dem Mangel an seri\u00f6sem und professionellem Service, der sie zufrieden stellt und es ihnen erlaubt, Ihren Urlaub voll und ganz zu geniessen, erfahren. Aus diesem Grunde haben wir im Jahre 2013 die Firma EUREKA gegr\u00fcndet.\n\nUm unsere Kunden besser betreuen zu k\u00f6nnen, haben wir ausgew\u00e4hltes Personal eingestellt, dass sich durch Professionalit\u00e4t auszeichnet und unser vollstes Vertrauen geniesst.\n\nUnser Team besteht aus:\n\n<ul class=\"arrow2\" >\n\n<li>Einem Techniker mit umfangreichem Know-How, spezialisiert auf Wassertechnik <\/li>\n\n<li>Professionelle G\u00e4rtner mit Erlaubnis zur Anwendung von Sch\u00e4dlingsbek\u00e4mpfungsmitteln<\/li>\n\n<li>Bauarbeitern mit grosser Erfahrung im Sektor und spezialisiert auf Pool-Bau sowie die Renovierung von H\u00e4usern<\/li>\n\n<li>Poolpflegepersonal mit Erlaubnis zur Anwendung chemischer Produkte und Behandlung von Salzpools<\/li>\n\n<li>Vertrauenswuerdigen Reingungskr\u00e4ften <\/li>\n\n<li>Administrativem Personal, das sich kompetent und schnell in den Sprachen Deutsch, Englisch, Spanisch und Katalanisch um Ihre W\u00fcnsche k\u00fcmmert <\/li>\n\n<\/ul>\n\nMit dem Ziel, den jeweils geeignetsten Service zu bieten, wird jeder Kunde von uns auf eine exklusive und pers\u00f6nliche Art, unter Ber\u00fccksichtigung seiner W\u00fcnsche und des individuellen Bedarfes seines Eigentums, betreut.\n\n<strong>Antonia Hurtado &amp; Miquel Pascual<\/strong><!--:-->[\/vc_column_text][\/vc_column][\/vc_row]","protected":false},"excerpt":{"rendered":"<p>[vc_row full_width=&#8221;stretch_row_content_no_spaces&#8221;][vc_column][\/vc_column][\/vc_row][vc_row css=&#8221;.vc_custom_1530527857800{margin-top: 25px !important;margin-bottom: 25px !important;}&#8221;][vc_column][vc_column_text]\u00dcBER UNS Wir m\u00f6chten uns gerne vorstellen: wir sind Antonia Hurtado und Miquel Pascual, die Gr\u00fcndungsgesellschafter von EUREKA Professional Home Management Vor der Gr\u00fcndung von Eureka waren wir als Direktorin und \u00d6konom bei einer Bank in Port d\u2018 Andratx t\u00e4tig. W\u00e4hrend dieser Jahre haben wir von den Problemen und Sorgen unserer Kunden, Eigent\u00fcmern von Inmobiien auf der Insel, sowie&#8230; <\/p>\n<p><a class=\"readmore\" href=\"https:\/\/www.eurekamallorca.com\/de\/ueber-uns\/\">Readm More<\/a><\/p>\n","protected":false},"author":1,"featured_media":0,"parent":0,"menu_order":0,"comment_status":"open","ping_status":"closed","template":"","meta":[],"_links":{"self":[{"href":"https:\/\/www.eurekamallorca.com\/de\/wp-json\/wp\/v2\/pages\/1320"}],"collection":[{"href":"https:\/\/www.eurekamallorca.com\/de\/wp-json\/wp\/v2\/pages"}],"about":[{"href":"https:\/\/www.eurekamallorca.com\/de\/wp-json\/wp\/v2\/types\/page"}],"author":[{"embeddable":true,"href":"https:\/\/www.eurekamallorca.com\/de\/wp-json\/wp\/v2\/users\/1"}],"replies":[{"embeddable":true,"href":"https:\/\/www.eurekamallorca.com\/de\/wp-json\/wp\/v2\/comments?post=1320"}],"version-history":[{"count":6,"href":"https:\/\/www.eurekamallorca.com\/de\/wp-json\/wp\/v2\/pages\/1320\/revisions"}],"predecessor-version":[{"id":1883,"href":"https:\/\/www.eurekamallorca.com\/de\/wp-json\/wp\/v2\/pages\/1320\/revisions\/1883"}],"wp:attachment":[{"href":"https:\/\/www.eurekamallorca.com\/de\/wp-json\/wp\/v2\/media?parent=1320"}],"curies":[{"name":"wp","href":"https:\/\/api.w.org\/{rel}","templated":true}]}}