{"id":1823,"date":"2018-05-03T11:13:25","date_gmt":"2018-05-03T11:13:25","guid":{"rendered":"http:\/\/www.eurekamallorca.com\/home\/"},"modified":"2020-09-02T16:41:41","modified_gmt":"2020-09-02T16:41:41","slug":"home","status":"publish","type":"page","link":"https:\/\/www.eurekamallorca.com\/de\/","title":{"rendered":"Home"},"content":{"rendered":"[vc_row full_width=&#8221;stretch_row_content_no_spaces&#8221;][vc_column][\/vc_column][\/vc_row][vc_row][vc_column][vc_column_text]\n<div class=\"columns\">\n<h3 class=\"magic\" style=\"text-align: center;\">Willkommen bei Eureka Professional Home Management!<\/h3>\n<p style=\"background: white none repeat scroll 0% 0%; vertical-align: baseline; margin: 0cm 0cm 15.75pt; text-align: center;\"><span style=\"font-size: 11.0pt; font-family: 'Arial',sans-serif;\">Wir wissen, was Ihnen Ihr Zuhause bedeutet, die Investition, die erforderlich war und wie wichtig es daher ist, es in optimalem Zustand zu bewahren. Hierf\u00fcr bieten wir Ihnen seri\u00f6se und professionelle Instandhaltung und Pflege Ihres Heims sowohl im Innenbereich als auch f\u00fcr Garten und Pool.<\/span><\/p>\n\n<\/div>\n[\/vc_column_text][\/vc_column][\/vc_row][vc_row][vc_column][\/vc_column][\/vc_row][vc_row gap=&#8221;30&#8243;][vc_column width=&#8221;1\/3&#8243; el_id=&#8221;jardin&#8221;][vc_single_image image=&#8221;1708&#8243; img_size=&#8221;full&#8221;][vc_toggle title=&#8221;GARTEN&#8221; custom_font_container=&#8221;tag:h2|font_size:24|text_align:left|color:%2300acec&#8221; custom_google_fonts=&#8221;font_family:Open%20Sans%3A300%2C300italic%2Cregular%2Citalic%2C600%2C600italic%2C700%2C700italic%2C800%2C800italic|font_style:300%20light%20regular%3A300%3Anormal&#8221; use_custom_heading=&#8221;true&#8221;]\n<ul>\n \t<li>\u00bb Gartenpflege<\/li>\n \t<li>\u00bb Gartenanlage<\/li>\n \t<li>\u00bb Einbau und Kontrolle von Beregnungssystemen<\/li>\n \t<li>\u00bb Gartendesign mit 3 D-Dossier<\/li>\n<\/ul>\n[\/vc_toggle][\/vc_column][vc_column width=&#8221;1\/3&#8243; el_id=&#8221;piscina&#8221;][vc_single_image image=&#8221;1695&#8243; img_size=&#8221;full&#8221;][vc_toggle title=&#8221;POOL&#8221; custom_font_container=&#8221;tag:h2|font_size:24|text_align:left|color:%2300acec&#8221; custom_google_fonts=&#8221;font_family:Open%20Sans%3A300%2C300italic%2Cregular%2Citalic%2C600%2C600italic%2C700%2C700italic%2C800%2C800italic|font_style:300%20light%20regular%3A300%3Anormal&#8221; use_custom_heading=&#8221;true&#8221;]\n<ul>\n \t<li>\u00bb S\u00e4uberung und Pflege aller Pool-Typen (Chlor, Salzelektrolyse)<\/li>\n \t<li>\u00bb Poolbau<\/li>\n \t<li>\u00bb Reparaturen und Umbau<\/li>\n \t<li>\u00bb Einbau von Salzelektrolyse und Inbetriebnahme<\/li>\n \t<li>\u00bb Dichtigkeitspr\u00fcfung<\/li>\n \t<li>\u00bb Fotometrische Analyse<\/li>\n<\/ul>\n[\/vc_toggle][\/vc_column][vc_column width=&#8221;1\/3&#8243; el_id=&#8221;reparaciones&#8221;][vc_single_image image=&#8221;1703&#8243; img_size=&#8221;full&#8221;][vc_toggle title=&#8221;REPARATUREN\/RENOVIERUNG&#8221; custom_font_container=&#8221;tag:h2|font_size:24|text_align:left|color:%2300acec&#8221; custom_google_fonts=&#8221;font_family:Open%20Sans%3A300%2C300italic%2Cregular%2Citalic%2C600%2C600italic%2C700%2C700italic%2C800%2C800italic|font_style:300%20light%20regular%3A300%3Anormal&#8221; use_custom_heading=&#8221;true&#8221;]\n<ul>\n \t<li>\u00bb Alle Arten von Renovierungsarbeiten im und ums Haus<\/li>\n \t<li>\u00bb Abdichtungen<\/li>\n \t<li>\u00bb Bau und Umbau von Pools<\/li>\n \t<li>\u00bb Fassadensanierung<\/li>\n \t<li>\u00bb Bau von Terrassenbeeten<\/li>\n \t<li>\u00bb Allgemeine Renovierungsarbeiten<\/li>\n \t<li>\u00bb Unsere Partnerfirmen: Elektriker, Klimager\u00e4tetechniker, Heizungsinstallateure, Maler, Tischler,Schlosser, etc.<\/li>\n<\/ul>\n[\/vc_toggle][\/vc_column][\/vc_row][vc_row gap=&#8221;30&#8243;][vc_column width=&#8221;1\/6&#8243;][\/vc_column][vc_column width=&#8221;2\/6&#8243; el_id=&#8221;aguas&#8221;][vc_single_image image=&#8221;1704&#8243; img_size=&#8221;full&#8221;][vc_toggle title=&#8221;WASSERTECHNIK&#8221; custom_font_container=&#8221;tag:h2|font_size:24|text_align:left|color:%2300acec&#8221; custom_google_fonts=&#8221;font_family:Open%20Sans%3A300%2C300italic%2Cregular%2Citalic%2C600%2C600italic%2C700%2C700italic%2C800%2C800italic|font_style:300%20light%20regular%3A300%3Anormal&#8221; use_custom_heading=&#8221;true&#8221;]\n<ul>\n \t<li>\u00bb Osmose<\/li>\n \t<li>\u00bb UV<\/li>\n \t<li>\u00bb Entkalkungsanlagen<\/li>\n \t<li>\u00bb Pr\u00fcfung der Wasserqualit\u00e4t<\/li>\n \t<li>\u00bb Rezirkulation Zisternen<\/li>\n \t<li>\u00bb Klempnerarbeiten<\/li>\n<\/ul>\n[\/vc_toggle][\/vc_column][vc_column width=&#8221;2\/6&#8243; el_id=&#8221;hogar&#8221;][vc_single_image image=&#8221;1716&#8243; img_size=&#8221;full&#8221;][vc_toggle title=&#8221;HAUS&#8221; custom_font_container=&#8221;tag:h2|font_size:24|text_align:left|color:%2300acec&#8221; custom_google_fonts=&#8221;font_family:Open%20Sans%3A300%2C300italic%2Cregular%2Citalic%2C600%2C600italic%2C700%2C700italic%2C800%2C800italic|font_style:300%20light%20regular%3A300%3Anormal&#8221; use_custom_heading=&#8221;true&#8221;]\n<ul>\n \t<li>\u00bb Regelm\u00e4ssige Kontrollen: R\u00e4ume l\u00fcften und auf Feuchtigkeiten pr\u00fcfen, Pflanzen giessen, Einschalten von Heizungen und\/oder Klimager\u00e4ten, \u00d6ffen der Wasserh\u00e4hne, Leerung von Briefk\u00e4sten etc.<\/li>\n \t<li>\u00bb Kontrolle von Haus\/Wohnung nach starken Regenf\u00e4llen und\/oder Wind<\/li>\n \t<li>\u00bb Reinigung*: Reinigung von Haus\/Wohnung vor Ihrer Ankunft, w\u00e4hrend Ihres Aufenthaltes und nach Ihrer Abreise, Reinigung der W\u00e4sche im Haus oder in der W\u00e4scherei<\/li>\n<\/ul>\n<em>*Die Reinigung wird ausschliesslich in Verbingung mit anderen Dienstleistungen und nicht als Einzelservice angeboten<\/em>[\/vc_toggle][\/vc_column][vc_column width=&#8221;1\/6&#8243;][\/vc_column][\/vc_row][vc_row][vc_column][vc_separator color=&#8221;white&#8221; css=&#8221;.vc_custom_1525329572748{margin-top: 40px !important;}&#8221;][\/vc_column][\/vc_row]","protected":false},"excerpt":{"rendered":"<p>[vc_row full_width=&#8221;stretch_row_content_no_spaces&#8221;][vc_column][\/vc_column][\/vc_row][vc_row][vc_column][vc_column_text] Willkommen bei Eureka Professional Home Management! Wir wissen, was Ihnen Ihr Zuhause bedeutet, die Investition, die erforderlich war und wie wichtig es daher ist, es in optimalem Zustand zu bewahren. Hierf\u00fcr bieten wir Ihnen seri\u00f6se und professionelle Instandhaltung und Pflege Ihres Heims sowohl im Innenbereich als auch f\u00fcr Garten und Pool. [\/vc_column_text][\/vc_column][\/vc_row][vc_row][vc_column][\/vc_column][\/vc_row][vc_row gap=&#8221;30&#8243;][vc_column width=&#8221;1\/3&#8243; el_id=&#8221;jardin&#8221;][vc_single_image image=&#8221;1708&#8243; img_size=&#8221;full&#8221;][vc_toggle title=&#8221;GARTEN&#8221; custom_font_container=&#8221;tag:h2|font_size:24|text_align:left|color:%2300acec&#8221; custom_google_fonts=&#8221;font_family:Open%20Sans%3A300%2C300italic%2Cregular%2Citalic%2C600%2C600italic%2C700%2C700italic%2C800%2C800italic|font_style:300%20light%20regular%3A300%3Anormal&#8221; use_custom_heading=&#8221;true&#8221;] \u00bb Gartenpflege&#8230; <\/p>\n<p><a class=\"readmore\" href=\"https:\/\/www.eurekamallorca.com\/de\/\">Readm More<\/a><\/p>\n","protected":false},"author":1,"featured_media":0,"parent":0,"menu_order":0,"comment_status":"open","ping_status":"closed","template":"homeb.php","meta":[],"_links":{"self":[{"href":"https:\/\/www.eurekamallorca.com\/de\/wp-json\/wp\/v2\/pages\/1823"}],"collection":[{"href":"https:\/\/www.eurekamallorca.com\/de\/wp-json\/wp\/v2\/pages"}],"about":[{"href":"https:\/\/www.eurekamallorca.com\/de\/wp-json\/wp\/v2\/types\/page"}],"author":[{"embeddable":true,"href":"https:\/\/www.eurekamallorca.com\/de\/wp-json\/wp\/v2\/users\/1"}],"replies":[{"embeddable":true,"href":"https:\/\/www.eurekamallorca.com\/de\/wp-json\/wp\/v2\/comments?post=1823"}],"version-history":[{"count":2,"href":"https:\/\/www.eurekamallorca.com\/de\/wp-json\/wp\/v2\/pages\/1823\/revisions"}],"predecessor-version":[{"id":1882,"href":"https:\/\/www.eurekamallorca.com\/de\/wp-json\/wp\/v2\/pages\/1823\/revisions\/1882"}],"wp:attachment":[{"href":"https:\/\/www.eurekamallorca.com\/de\/wp-json\/wp\/v2\/media?parent=1823"}],"curies":[{"name":"wp","href":"https:\/\/api.w.org\/{rel}","templated":true}]}}