{"id":1851,"date":"2018-02-26T08:57:49","date_gmt":"2018-02-26T08:57:49","guid":{"rendered":"http:\/\/www.eurekamallorca.com\/politica-de-privacidad\/"},"modified":"2019-04-12T09:46:21","modified_gmt":"2019-04-12T09:46:21","slug":"politica-de-privacidad","status":"publish","type":"page","link":"https:\/\/www.eurekamallorca.com\/en\/politica-de-privacidad\/","title":{"rendered":"Pol\u00edtica de privacidad"},"content":{"rendered":"[vc_row css=&#8221;.vc_custom_1530528389556{margin-top: 30px !important;margin-bottom: 30px !important;}&#8221;][vc_column][vc_column_text]La Pol\u00edtica de Privacidad forma parte de las Condiciones Generales que rigen la P\u00e1gina Web <a href=\"http:\/\/www.eurekamallorca.com\/\">http:\/\/www.eurekamallorca.com\/<\/a> junto con la Pol\u00edtica de Cookies y el Aviso Legal.\r\n\r\n<strong>EUREKA PROFESSIONAL HOME MANAGEMENT S.L.<\/strong>, se reserva el derecho a modificar o adaptar la presente Pol\u00edtica de Privacidad en todo momento. Por lo tanto, le recomendamos que revise la misma cada vez que acceda a la P\u00e1gina Web. En el supuesto de que usuario se haya registrado en la p\u00e1gina web y acceda a su cuenta o perfil, al acceder a la misma, se le informar\u00e1 en el supuesto de que haya habido modificaciones sustanciales en relaci\u00f3n con el tratamiento de sus datos personales.\r\n\r\n&nbsp;\r\n\r\n<strong>\u00bfQui\u00e9n es el responsable del tratamiento de tus datos?<\/strong>\r\n\r\nLos datos que se recojan o nos facilites voluntariamente por medio de la P\u00e1gina Web, ya sea por la navegaci\u00f3n en la misma, as\u00ed como todos aquellos que nos puedas facilitar en los formularios de contacto, v\u00eda email o por tel\u00e9fono, ser\u00e1n recabados y tratados por el Responsable del Tratamiento, cuyos datos se indican a continuaci\u00f3n:\r\n\r\n&nbsp;\r\n\r\nEureka Professional Home Management S.L. \u00a0\u00a0CIF: B57804361\r\n\r\nDomicilio: C\/ Quinze Germans Vera 7, 07157 Port d\u2019Andratx\r\n\r\nInscrita en el Registro Mercantil, en el tomo 2534, folio 167, hoja PM-71722 e inscripci\u00f3n 1\u00aa\r\n\r\n&nbsp;\r\n\r\n<strong>Contacto en EUREKA PROFESSIONAL HOME MANAGEMENT S.L. para la protecci\u00f3n de tus datos personales<\/strong>\r\n\r\nC\/ Quinze Germans Vera 7, 07157 Port d\u2019Andratx\r\n\r\nTfno: 971672588\r\n\r\nMail: <a href=\"mailto:info@eurekamallorca.com\">info@eurekamallorca.com<\/a>\r\n\r\nSi, por cualquier motivo, quieres ponerte en contacto con nosotros en cualquier cuesti\u00f3n relacionada con el tratamiento de sus datos personales o privacidad (con nuestro Delegado de Protecci\u00f3n de Datos), puedes hacerlo a trav\u00e9s de cualquiera de los medios indicados anteriormente.\r\n\r\n&nbsp;\r\n\r\n<strong>\u00bfQu\u00e9 datos recopilamos a trav\u00e9s de la p\u00e1gina web?<\/strong>\r\n\r\n<strong>\u00a0<\/strong>\r\n\r\nPor el simple hecho de navegar en la P\u00e1gina Web, <strong>EUREKA PROFESSIONAL HOME MANAGEMENT S.L.<\/strong> recopilar\u00e1 informaci\u00f3n referente a:\r\n\r\n&nbsp;\r\n\r\n&#8211; Direcci\u00f3n IP.\r\n\r\n&#8211; Versi\u00f3n del navegador.\r\n\r\n&#8211; Sistema operativo.\r\n\r\n&#8211; Duraci\u00f3n de la visita o navegaci\u00f3n por la P\u00e1gina web.\r\n\r\n&nbsp;\r\n\r\nTal informaci\u00f3n se almacena mediante Google Analytics, por lo que nos remitimos a la Pol\u00edtica de Privacidad de Google, ya que \u00e9ste recaba y trata tal informaci\u00f3n. <a href=\"http:\/\/www.google.com\/intl\/en\/policies\/privacy\/\">http:\/\/www.google.com\/intl\/en\/policies\/privacy\/<\/a>\r\n\r\nDel mismo modo, en la P\u00e1gina Web se facilita la utilidad de Google Maps, la cual puede tener acceso a tu ubicaci\u00f3n, en el supuesto de que se lo permitas, con el fin de facilitarte una mayor especificidad sobre la distancia y\/o caminos nuestras sedes. A este respecto, nos remitimos a la Pol\u00edtica de Privacidad utilizada por Google Maps, con el fin de conocer el uso y tratamiento de tales datos <a href=\"http:\/\/www.google.com\/intl\/en\/policies\/privacy\/\">http:\/\/www.google.com\/intl\/en\/policies\/privacy\/<\/a>\r\n\r\n&nbsp;\r\n\r\nLa informaci\u00f3n que nosotros manejamos, no estar\u00e1 relacionada con un usuario concreto y se almacenar\u00e1 en nuestras bases de datos, con la finalidad de realizar an\u00e1lisis estad\u00edsticos, mejoras en la P\u00e1gina Web, sobre nuestros productos y\/o servicios y nos ayudar\u00e1 a mejorar nuestra estrategia comercial. Los datos no ser\u00e1n comunicados a terceros.\r\n\r\n&nbsp;\r\n\r\nSi eres alguno de los siguientes colectivos, consulta la informaci\u00f3n desplegable:\r\n\r\n<strong>\u00a0<\/strong>\r\n\r\n<strong>\u00a0\u00a0\u00a0\u00a0\u00a0\u00a0\u00a0\u00a0\u00a0\u00a0\u00a0 <\/strong>\r\n\r\n<strong>\u00a0\u00a0\u00a0\u00a0\u00a0\u00a0\u00a0\u00a0\u00a0\u00a0\u00a0 + CONTACTOS DE LA WEB O DEL CORREO ELECTR\u00d3NICO<\/strong>\r\n\r\n<strong>\u00bfCon que finalidades vamos a tratar tus datos personales?<\/strong>\r\n<ul>\r\n \t<li>Contestar a tus consultas, solicitudes o peticiones.<\/li>\r\n \t<li>Gestionar el servicio solicitado, contestar tu solicitud, o tramitar tu petici\u00f3n.<\/li>\r\n \t<li>Informaci\u00f3n por medios electr\u00f3nicos, que versen sobre tu solicitud.<\/li>\r\n \t<li>Informaci\u00f3n comercial o de eventos por medios electr\u00f3nicos, siempre que exista autorizaci\u00f3n expresa.<\/li>\r\n<\/ul>\r\n<strong>\u00bfCu\u00e1l es la legitimaci\u00f3n para el tratamiento de tus datos?<\/strong>\r\n\r\nLa aceptaci\u00f3n y consentimiento del interesado: En aquellos casos donde para realizar una solicitud sea necesario cumplimentar un formulario y hacer un &#8220;click&#8221; en el bot\u00f3n de enviar, la realizaci\u00f3n del mismo implicar\u00e1 necesariamente que ha sido informado y ha otorgado expresamente su consentimiento al contenido de la cl\u00e1usula anexada a dicho formulario o aceptaci\u00f3n de la pol\u00edtica de privacidad.\r\n\r\nTodos nuestros formularios cuentan con una casilla de verificaci\u00f3n o checkbox con la siguiente f\u00f3rmula, para poder enviar la informaci\u00f3n: \u201c\u25a1 He le\u00eddo y acepto la Pol\u00edtica de privacidad.\u201d\r\n\r\n&nbsp;\r\n\r\n<strong>\u00a0\u00a0\u00a0\u00a0\u00a0\u00a0\u00a0\u00a0\u00a0\u00a0\u00a0 + CLIENTES<\/strong>\r\n\r\n<strong>\u00bfCon que finalidades vamos a tratar tus datos personales?<\/strong>\r\n<ul>\r\n \t<li>Elaboraci\u00f3n del presupuesto y seguimiento del mismo mediante comunicaciones entre ambas partes.<\/li>\r\n \t<li>Informaci\u00f3n por medios electr\u00f3nicos, que versen sobre tu solicitud.<\/li>\r\n \t<li>Informaci\u00f3n comercial o de eventos por medios electr\u00f3nicos, siempre que exista autorizaci\u00f3n expresa.<\/li>\r\n \t<li>Gestionar los servicios administrativos, de comunicaciones y de log\u00edstica realizados por el Responsable.<\/li>\r\n \t<li>Realizar las transacciones que correspondan.<\/li>\r\n \t<li>Facturaci\u00f3n y declaraci\u00f3n de los impuestos oportunos.<\/li>\r\n \t<li>Gestiones de control y recobro.<\/li>\r\n<\/ul>\r\n<strong>\u00bfCu\u00e1l es la legitimaci\u00f3n para el tratamiento de tus datos?<\/strong>\r\n\r\nLa base legal es tu consentimiento y la ejecuci\u00f3n de un contrato.\r\n\r\n<strong>\r\n+ PROVEEDORES.<\/strong>\r\n\r\n<strong>\u00bfCon que finalidades vamos a tratar tus datos personales?<\/strong>\r\n<ul>\r\n \t<li>Informaci\u00f3n por medios electr\u00f3nicos, que versen sobre tu solicitud.<\/li>\r\n \t<li>Informaci\u00f3n comercial o de eventos por medios electr\u00f3nicos, siempre que exista autorizaci\u00f3n expresa.<\/li>\r\n \t<li>Gestionar los servicios administrativos, de comunicaciones y de log\u00edstica realizados por el Responsable.<\/li>\r\n \t<li>Facturaci\u00f3n.<\/li>\r\n \t<li>Realizar las transacciones que correspondan.<\/li>\r\n \t<li>Facturaci\u00f3n y declaraci\u00f3n de los impuestos oportunos.<\/li>\r\n \t<li>Gestiones de control y recobro.<\/li>\r\n<\/ul>\r\n<strong>\u00bfCu\u00e1l es la legitimaci\u00f3n para el tratamiento de tus datos?<\/strong>\r\n\r\nLa base legal es la aceptaci\u00f3n de una relaci\u00f3n contractual, o en su defecto tu consentimiento al contactar con nosotros u ofrecernos sus productos por alguna v\u00eda.\r\n\r\n&nbsp;\r\n\r\n<strong>\u00a0\u00a0\u00a0\u00a0\u00a0\u00a0\u00a0\u00a0\u00a0\u00a0\u00a0 + DEMANDANTES DE EMPLEO<\/strong>\r\n\r\n<strong>\u00bfCon que finalidades vamos a tratar tus datos personales?<\/strong>\r\n<ul>\r\n \t<li>Organizaci\u00f3n de procesos de selecci\u00f3n para la contrataci\u00f3n de empleados.<\/li>\r\n \t<li>Citarte para entrevistas de trabajo y evaluar tu candidatura.<\/li>\r\n \t<li>Si nos has dado tu consentimiento, se lo podremos ceder a entidades colaboradoras o afines, con el \u00fanico objetivo de ayudarte a encontrar empleo.<\/li>\r\n<\/ul>\r\n<strong>\u00bfCu\u00e1l es la legitimaci\u00f3n para el tratamiento de tus datos?<\/strong>\r\n\r\nLa base legal es tu consentimiento inequ\u00edvoco, al entregarnos tu CV y recibir y firmar informaci\u00f3n relativa a los tratamientos que vamos a efectuar.\r\n\r\n<strong>\u00bfDurante cu\u00e1nto tiempo vamos a mantener los datos personales?<\/strong>\r\n\r\nEl curr\u00edculum ser\u00e1 almacenado durante el plazo de un a\u00f1o, tras el cual, en el caso de no habernos puestos en contacto contigo, ser\u00e1 eliminado.\r\n\r\n&nbsp;\r\n\r\n<strong>\u00a0\u00a0\u00a0\u00a0\u00a0\u00a0\u00a0\u00a0\u00a0\u00a0\u00a0\u00a0 + RRHH<\/strong>\r\n\r\n<strong>\u00bfCon que finalidades vamos a tratar tus datos personales?<\/strong>\r\n<ul>\r\n \t<li>Gesti\u00f3n de la relaci\u00f3n laboral y del expediente del trabajador.<\/li>\r\n \t<li>Realizar todos aquellos tr\u00e1mites administrativos, fiscales y contables necesarios para cumplir con nuestros compromisos contractuales, obligaciones en materia de normativa laboral, Seguridad Social, prevenci\u00f3n de riesgos laborales, fiscal y contable.<\/li>\r\n \t<li>Gesti\u00f3n de pago de n\u00f3minas mediante entidad financiera.<\/li>\r\n \t<li>Control horario a trav\u00e9s del sistema de control de acceso mediante huella\/tarjeta (si se da el caso).<\/li>\r\n \t<li>Gesti\u00f3n de los seguros colectivos \/ plan de pensiones de la entidad.<\/li>\r\n \t<li>Realizar actuaciones formativas tanto de formaci\u00f3n bonificada como no bonificada.<\/li>\r\n<\/ul>\r\n<strong>\u00bfCu\u00e1l es la legitimaci\u00f3n para el tratamiento de tus datos?<\/strong>\r\n\r\nLa base legal para el tratamiento de sus datos es la ejecuci\u00f3n de su contrato laboral. El cumplimiento de las obligaciones legales pertinentes. El consentimiento del interesado.\r\n\r\n&nbsp;\r\n\r\n&#8211; &#8211; &#8211; &#8211; &#8211; &#8211; &#8211; &#8211; &#8211; &#8211; &#8211; &#8211; &#8211; &#8211; &#8211; &#8211; &#8211; &#8211; &#8211; &#8211; &#8211; &#8211; &#8211; &#8211; &#8211; &#8211; &#8211; &#8211; &#8211; &#8211; &#8211; &#8211; &#8211; &#8211; &#8211; &#8211; &#8211; &#8211; &#8211; &#8211; &#8211; &#8211; &#8211; &#8211; &#8211; &#8211; &#8211; &#8211; &#8211; &#8211; &#8211; &#8211; &#8211; &#8211; &#8211; &#8211; &#8211; &#8211; &#8211; &#8211; &#8211; &#8211; &#8211; &#8211; &#8211; &#8211; &#8211; &#8211; &#8211; &#8211; &#8211; &#8211; &#8211; &#8211; &#8211; &#8211; &#8211;\r\n\r\n&nbsp;\r\n\r\n<strong>\u00bfIncluimos datos personales de terceras personas?<\/strong>\r\n\r\nNo, como norma general s\u00f3lo tratamos los datos que nos facilitan los titulares. Si nos aportas datos de terceros, deber\u00e1s con car\u00e1cter previo, informar y solicitar su consentimiento a dichas personas, o de lo contrario nos eximes de cualquier responsabilidad por el incumplimiento de \u00e9ste requisito.\r\n\r\n&nbsp;\r\n\r\n<strong>\u00bfY datos de menores?<\/strong>\r\n\r\nNo tratamos datos de menores de 14 a\u00f1os, por tanto, abstente de facilitarlos si no tienes esa edad.\r\n\r\n&nbsp;\r\n\r\n<strong>\u00bfRealizaremos comunicaciones por medios electr\u00f3nicos?<\/strong>\r\n<ul>\r\n \t<li>S\u00f3lo se realizar\u00e1n para gestionar tu solicitud, si es uno de los medios de contacto que nos has facilitado.<\/li>\r\n \t<li>Si realizamos comunicaciones comerciales habr\u00e1n sido previa y expresamente autorizadas por ti.<\/li>\r\n<\/ul>\r\n&nbsp;\r\n\r\n<strong>\u00bfQu\u00e9 medidas de seguridad aplicamos?<\/strong>\r\n\r\nPuedes estar tranquilo: Hemos adoptado un nivel \u00f3ptimo de protecci\u00f3n de los datos personales que manejamos, y hemos instalado todos los medios y medidas t\u00e9cnicas a nuestra disposici\u00f3n, seg\u00fan el estado de la tecnolog\u00eda, para evitar la p\u00e9rdida, mal uso, alteraci\u00f3n, acceso no autorizado y robo de los datos personales.\r\n\r\n<strong>\u00bfEn qu\u00e9 medida se automatizar\u00e1 la toma de decisiones?<\/strong>\r\n\r\nEUREKA PROFESSIONAL HOME MANAGEMENT S.L. no utiliza procesos de toma de decisiones totalmente automatizadas para entablar, desarrollar o terminar una relaci\u00f3n contractual con el usuario. En caso de que usemos esos procesos en un caso particular, te mantendremos informado y te comunicaremos tus derechos a este respecto si as\u00ed lo prescribe la ley.\r\n\r\n<strong>\u00bf<\/strong><strong>Tendr\u00e1 lugar la elaboraci\u00f3n de perfiles?<\/strong>\r\n\r\nCon el fin de poder ofrecerte productos y\/o servicios de acuerdo con tus intereses y mejorar tu experiencia de usuario, podremos elaborar un &#8220;perfil comercial&#8221; en base a la informaci\u00f3n facilitada. No obstante, no se tomar\u00e1n decisiones automatizadas en base a dicho perfil.\r\n\r\n&nbsp;\r\n\r\n<strong>\u00bfA qu\u00e9 destinatarios se comunicar\u00e1n tus datos?<\/strong>\r\n\r\nA las Sociedades que componen el grupo <strong>EUREKA PROFESSIONAL HOME MANAGEMENT S.L.<\/strong>\r\n\r\nTus datos no se ceder\u00e1n a terceros, salvo obligaci\u00f3n legal. En concreto se comunicar\u00e1n a la Agencia Estatal de la Administraci\u00f3n Tributaria y a bancos y entidades financieras para el cobro del servicio prestado o producto adquirido, as\u00ed como a los encargados del tratamiento necesarios para la ejecuci\u00f3n del acuerdo.\r\n\r\nEn caso de compra o pago, si eliges alguna aplicaci\u00f3n, web, plataforma, tarjeta bancaria, o alg\u00fan otro servicio online, tus datos se ceder\u00e1n a esa plataforma o se tratar\u00e1n en su entorno, siempre con la m\u00e1xima seguridad.\r\n\r\nEn el supuesto de que nos hayas dado tu consentimiento para el tratamiento de tu nombre e im\u00e1genes y otras informaciones, relacionadas con la actividad de<strong> EUREKA PROFESSIONAL HOME MANAGEMENT S.L.<\/strong>, se divulgar\u00e1n en las diferentes redes sociales y p\u00e1gina web de <strong>EUREKA PROFESSIONAL HOME MANAGEMENT S.L.<\/strong>\r\n\r\n<strong>Transferencias internacionales.<\/strong>\r\n\r\nEn caso de ser necesaria la realizaci\u00f3n de transferencias internacionales de datos por parte de <strong>EUREKA PROFESSIONAL HOME MANAGEMENT S.L.<\/strong>, s\u00f3lo se realizar\u00e1n a entidades bajo la habilitaci\u00f3n del acuerdo EEUU-Uni\u00f3n Europea Privacy Shield (m\u00e1s informaci\u00f3n: <a href=\"https:\/\/www.privacyshield.gov\/welcome\">https:\/\/www.privacyshield.gov\/welcome<\/a>), a entidades que hayan demostrado que cumplen con el nivel de protecci\u00f3n y garant\u00edas de acuerdo con los par\u00e1metros y exigencias previstas en la normativa vigente en materia de protecci\u00f3n de datos, como el Reglamento Europeo, o cuando exista un habilitaci\u00f3n legal para realizar la transferencia internacional.\r\n\r\n<strong>\u00a0<\/strong>\r\n\r\n<strong>\u00bfQu\u00e9 Derechos tienes? <\/strong>\r\n<ul>\r\n \t<li>A saber si estamos tratando tus datos o no.<\/li>\r\n \t<li>A acceder a tus datos personales.<\/li>\r\n \t<li>A solicitar la rectificaci\u00f3n de tus datos si son inexactos.<\/li>\r\n \t<li>A solicitar la supresi\u00f3n de tus datos si ya no son necesarios para los fines para los que fueron recogidos o si nos retiras el consentimiento otorgado.<\/li>\r\n \t<li>A solicitar la limitaci\u00f3n del tratamiento de sus datos, en algunos supuestos, en cuyo caso s\u00f3lo los conservaremos de acuerdo con la normativa vigente.<\/li>\r\n \t<li>A portar tus datos, que te ser\u00e1n facilitados en un formato estructurado, de uso com\u00fan o lectura mec\u00e1nica. Si lo prefieres, se los podemos enviar al nuevo responsable que nos designes. S\u00f3lo es v\u00e1lido en determinados supuestos.<\/li>\r\n \t<li>A presentar una reclamaci\u00f3n ante la Agencia Espa\u00f1ola de Protecci\u00f3n de Datos, si crees que no te hemos atendido correctamente.<\/li>\r\n \t<li>A revocar el consentimiento para cualquier tratamiento para el que hayas consentido, en cualquier momento.<\/li>\r\n<\/ul>\r\nSi modificas alg\u00fan dato, te agradecemos que nos lo comuniques para mantenerlos actualizados.\r\n\r\n&nbsp;\r\n\r\n<strong>\u00bfQuieres un formulario para el ejercicio de Derechos? <\/strong>\r\n<ul>\r\n \t<li>Tenemos formularios para el ejercicio de tus derechos, p\u00eddenoslos por email o si lo prefieres, puedes usar los elaborados por la Agencia Espa\u00f1ola de Protecci\u00f3n de Datos o terceros.<\/li>\r\n \t<li>Estos formularios deben ir firmados electr\u00f3nicamente o ser acompa\u00f1ados de fotocopia del DNI.<\/li>\r\n \t<li>Si te representa alguien, debes adjuntarnos copia de su DNI, o que lo firme con su firma electr\u00f3nica.<\/li>\r\n \t<li>Los formularios pueden ser presentados presencialmente, enviados por carta o por mail en la direcci\u00f3n del Responsable al inicio de este texto.<\/li>\r\n<\/ul>\r\nTienes derecho a presentar una reclamaci\u00f3n ante la Agencia Espa\u00f1ola de Protecci\u00f3n de Datos, en el supuesto de que consideres que no se ha atendido convenientemente la solicitud de tus derechos.\r\n\r\n&nbsp;\r\n\r\nEl plazo m\u00e1ximo para resolver por EUREKA PROFESSIONAL HOME MANAGEMENT S.L., es de un mes, a contar desde la efectiva recepci\u00f3n de tu solicitud por nuestra parte.\r\n\r\n&nbsp;\r\n\r\nTienes derecho a revocar en cualquier momento el consentimiento para cualquiera de los tratamientos para los que lo has otorgado.\r\n\r\n&nbsp;\r\n\r\n<strong>\u00bfTratamos cookies?<\/strong>\r\n\r\nSi usamos otro tipo de cookies que no sean las necesarias, podr\u00e1s consultar la pol\u00edtica de cookies en el enlace correspondiente desde el inicio de nuestra web.\r\n\r\n<strong>\u00a0<\/strong>\r\n\r\n<strong>\u00bfDurante cu\u00e1nto tiempo vamos a mantener tus datos personales?<\/strong>\r\n<ul>\r\n \t<li>Los datos personales ser\u00e1n mantenidos mientras sigas vinculado con nosotros.<\/li>\r\n \t<li>Una vez te desvincules, los datos personales tratados en cada finalidad se mantendr\u00e1n durante los plazos legalmente previstos, incluido el plazo en el que un juez o tribunal los pueda requerir atendiendo al plazo de prescripci\u00f3n de acciones judiciales.<\/li>\r\n \t<li>Los datos tratados se mantendr\u00e1n en tanto no expiren los plazos legales aludidos anteriormente, si hubiera obligaci\u00f3n legal de mantenimiento, o de no existir ese plazo legal, hasta que el interesado solicite su supresi\u00f3n o revoque el consentimiento otorgado.<\/li>\r\n \t<li>Mantendremos toda la informaci\u00f3n y comunicaciones relativas a tu compra o a la prestaci\u00f3n de nuestro servicio, mientras duren las garant\u00edas de los productos o servicios, para atender posibles reclamaciones.<\/li>\r\n<\/ul>\r\n[\/vc_column_text][vc_column_text]<strong>AVISO LEGAL<\/strong>\r\n<ol>\r\n \t<li><strong> Identificaci\u00f3n y contacto del propietario de la web.<\/strong><\/li>\r\n<\/ol>\r\n<a href=\"http:\/\/www.eurekamallorca.com\">http:\/\/www.eurekamallorca.com<\/a> \u00a0(en adelante la web), es propiedad de Eureka Professional Home Management S.L. (en adelante el Titular) con domicilio en C\/ Quinze Germans Vera 7, 07157 Port d\u2019Andratx, con CIF B57804361, tel\u00e9fono (+34) 971672588 y correo electr\u00f3nico <a href=\"mailto:info@eurekamallorca.com\">info@eurekamallorca.com<\/a>\r\n\r\n<strong>Otros datos del propietario:<\/strong>\r\n\r\nDatos de inscripci\u00f3n en Registro Mercantil: Registro Mercantil de Palma de Mallorca, Tomo ____, Folio ____, Hoja _______\r\n<ol start=\"2\">\r\n \t<li><strong> \u00c1mbito de aplicaci\u00f3n.<\/strong><\/li>\r\n<\/ol>\r\nLa navegaci\u00f3n por el sitio web del Titular implica asumir la condici\u00f3n de usuario y la aceptaci\u00f3n absoluta de lo manifestado en este Aviso Legal.\r\n<ol start=\"3\">\r\n \t<li><strong> Edad.<\/strong><\/li>\r\n<\/ol>\r\nEn nuestra web no tratamos datos de menores de catorce a\u00f1os.\r\n<ol start=\"4\">\r\n \t<li><strong> Propiedad intelectual o industrial.<\/strong><\/li>\r\n<\/ol>\r\nLos contenidos de la Web, por ejemplo textos, im\u00e1genes, gr\u00e1ficos o c\u00f3digo fuente, est\u00e1n protegidos por derechos de propiedad intelectual e industrial.\r\n\r\nTales contenidos no podr\u00e1n ser, por ejemplo, reproducidos o transformados sin el permiso previo y expl\u00edcito del Titular. Los usuarios pueden acceder a los contenidos y realizar copias privadas autorizadas siempre que los elementos reproducidos no sean cedidos posteriormente a terceros, ni se instalen en servidores en red, ni sean objeto de ning\u00fan tipo de explotaci\u00f3n.\r\n<ol start=\"5\">\r\n \t<li><strong> Normas comunes de uso de la web.<\/strong><\/li>\r\n<\/ol>\r\nEl usuario se compromete a hacer un uso de la Web de acuerdo a las siguientes normas:\r\n<ul>\r\n \t<li>No publicar\u00e1 comunicaciones comerciales a trav\u00e9s del sitio web.<\/li>\r\n \t<li>No recopilar\u00e1 contenido o informaci\u00f3n de otros usuarios.<\/li>\r\n \t<li>No cargar\u00e1 virus ni c\u00f3digo malintencionado de ning\u00fan tipo.<\/li>\r\n \t<li>No solicitar\u00e1 informaci\u00f3n de inicio de sesi\u00f3n ni acceder\u00e1 a una cuenta perteneciente a otro usuario.<\/li>\r\n \t<li>No realizar\u00e1 actos il\u00edcitos, enga\u00f1osos, malintencionados o discriminatorios en el sitio web, de acuerdo a estas condiciones y al ordenamiento jur\u00eddico espa\u00f1ol.<\/li>\r\n \t<li>En general, no realizar\u00e1 actos que supongan da\u00f1os o lesiones de los derechos de terceros.<\/li>\r\n<\/ul>\r\nEl Titular podr\u00e1 eliminar cualquier contenido o suspender el servicio si, seg\u00fan su propio criterio, incumple cualquiera de las normas y obligaciones descritas en este Aviso Legal.\r\n\r\nPara cualquier consulta o aclaraci\u00f3n sobre estas normas puede contactarnos v\u00eda email.\r\n<ol start=\"6\">\r\n \t<li><strong> Enlaces y limitaci\u00f3n de responsabilidad.<\/strong><\/li>\r\n<\/ol>\r\nEl establecimiento de un hiperenlace no implica en ning\u00fan caso la existencia de relaciones entre el Titular y el propietario del sitio web en la que se establezca, ni la aceptaci\u00f3n y aprobaci\u00f3n por parte del Titular de sus contenidos o servicios. Aquellas personas que se propongan establecer un hiperenlace, previamente deber\u00e1n solicitar autorizaci\u00f3n por escrito al Titular. En todo caso, el hiperenlace \u00fanicamente permitir\u00e1 el acceso a la p\u00e1gina de inicio de nuestro sitio web. Asimismo, deber\u00e1 abstenerse de realizar manifestaciones o indicaciones falsas, inexactas o incorrectas sobre el Titular, o incluir contenidos il\u00edcitos, contrarios a las buenas costumbres y al orden p\u00fablico.\r\n\r\nEl Titular no se responsabiliza del uso que cada usuario le d\u00e9 a los materiales puestos a disposici\u00f3n en este sitio web ni de las actuaciones que realice en base a los mismos. El contenido de la Web es de car\u00e1cter general y meramente informativo.\r\n\r\nEl Titular no asumir\u00e1 responsabilidad por el contenido o funcionamiento de webs de terceros a los que el usuario del sitio Web pueda acceder mediante cualquier tipo de enlace.\r\n\r\nEl Titular declina cualquier responsabilidad, hasta donde permita el ordenamiento jur\u00eddico, por los da\u00f1os y perjuicios derivados de la presencia de virus, de las actuaciones de terceros que vulneren derechos de propiedad, al honor, a la intimidad o sobre publicidad il\u00edcita.\r\n\r\nSi alg\u00fan usuario o tercero considera que en la Web se est\u00e1 cometiendo alg\u00fan il\u00edcito de cualquier tipo, debe remitir una comunicaci\u00f3n al Titular a la direcci\u00f3n de email que aparece en nuestros datos identificativos. Deber\u00e1 identificarse debidamente, especificando los hechos que denuncia.\r\n<ol start=\"7\">\r\n \t<li><strong> Privacidad.<\/strong><\/li>\r\n<\/ol>\r\nSi en la Web se recabaran datos personales, el Titular ser\u00e1 responsable de los mismos y los tratar\u00e1 con absoluta confidencialidad y seguridad. Podr\u00e1 encontrar m\u00e1s informaci\u00f3n en nuestra pol\u00edtica de privacidad y cookies.\r\n<h2>8. Modificaciones<\/h2>\r\nEl Titular se reserva el derecho a realizar las modificaciones que considere oportunas, sin aviso previo, en el contenido de su sitio web. Tanto en lo referente a los contenidos del sitio web, como en las condiciones de uso del mismo, o en las condiciones generales de contrataci\u00f3n. Dichas modificaciones podr\u00e1n realizarse a trav\u00e9s de su sitio web por cualquier forma admisible en derecho y ser\u00e1n de obligado cumplimiento durante el tiempo en que se encuentren publicadas en el web y hasta que no sean modificadas v\u00e1lidamente por otras posteriores.\r\n<ol start=\"9\">\r\n \t<li><strong> Legislaci\u00f3n aplicable, soluci\u00f3n de cuestiones controvertidas y foro competente.<\/strong><\/li>\r\n<\/ol>\r\nEl uso de la Web se regir\u00e1 por la legislaci\u00f3n espa\u00f1ola. Cualquier controversia que surja o guarde relaci\u00f3n con el uso de la Web, ser\u00e1 sometido a la jurisdicci\u00f3n no exclusiva de los Juzgados y Tribunales del municipio donde radica el domicilio social del Titular.[\/vc_column_text][\/vc_column][\/vc_row]","protected":false},"excerpt":{"rendered":"<p>[vc_row css=&#8221;.vc_custom_1530528389556{margin-top: 30px !important;margin-bottom: 30px !important;}&#8221;][vc_column][vc_column_text]La Pol\u00edtica de Privacidad forma parte de las Condiciones Generales que rigen la P\u00e1gina Web http:\/\/www.eurekamallorca.com\/ junto con la Pol\u00edtica de Cookies y el Aviso Legal. EUREKA PROFESSIONAL HOME MANAGEMENT S.L., se reserva el derecho a modificar o adaptar la presente Pol\u00edtica de Privacidad en todo momento. Por lo tanto, le recomendamos que revise la misma cada vez que acceda&#8230; <\/p>\n<p><a class=\"readmore\" href=\"https:\/\/www.eurekamallorca.com\/en\/politica-de-privacidad\/\">Readm More<\/a><\/p>\n","protected":false},"author":1,"featured_media":0,"parent":0,"menu_order":0,"comment_status":"open","ping_status":"closed","template":"","meta":[],"_links":{"self":[{"href":"https:\/\/www.eurekamallorca.com\/en\/wp-json\/wp\/v2\/pages\/1851"}],"collection":[{"href":"https:\/\/www.eurekamallorca.com\/en\/wp-json\/wp\/v2\/pages"}],"about":[{"href":"https:\/\/www.eurekamallorca.com\/en\/wp-json\/wp\/v2\/types\/page"}],"author":[{"embeddable":true,"href":"https:\/\/www.eurekamallorca.com\/en\/wp-json\/wp\/v2\/users\/1"}],"replies":[{"embeddable":true,"href":"https:\/\/www.eurekamallorca.com\/en\/wp-json\/wp\/v2\/comments?post=1851"}],"version-history":[{"count":2,"href":"https:\/\/www.eurekamallorca.com\/en\/wp-json\/wp\/v2\/pages\/1851\/revisions"}],"predecessor-version":[{"id":1872,"href":"https:\/\/www.eurekamallorca.com\/en\/wp-json\/wp\/v2\/pages\/1851\/revisions\/1872"}],"wp:attachment":[{"href":"https:\/\/www.eurekamallorca.com\/en\/wp-json\/wp\/v2\/media?parent=1851"}],"curies":[{"name":"wp","href":"https:\/\/api.w.org\/{rel}","templated":true}]}}